{"id":2,"date":"2024-09-30T10:26:15","date_gmt":"2024-09-30T10:26:15","guid":{"rendered":"https:\/\/kva.lacktechnik-rendsburg.de\/?page_id=2"},"modified":"2025-09-05T10:11:17","modified_gmt":"2025-09-05T10:11:17","slug":"sample-page","status":"publish","type":"page","link":"https:\/\/kva.camperhuus.de\/","title":{"rendered":"Kostenvoranschlag"},"content":{"rendered":"\n<figure class=\"wp-block-gallery has-nested-images columns-default is-cropped wp-block-gallery-1 is-layout-flex wp-block-gallery-is-layout-flex\">\n<figure class=\"wp-block-image size-large\"><img decoding=\"async\" data-id=\"86\" src=\"https:\/\/kva.camperhuus.de\/wp-content\/uploads\/2025\/09\/Camper_huus_Logo-Variante-neu-neu.svg\" alt=\"\" class=\"wp-image-86\"\/><\/figure>\n<\/figure>\n\n\n<h1>Kostenvoranschlag<\/h1>\n<p>Damit wir dir ein <strong>passendes Angebot f\u00fcr die Reparatur<\/strong> erstellen k\u00f6nnen, ben\u00f6tigen wir ein paar <strong>Informationen von dir<\/strong>. Bitte f\u00fclle die Felder im Formular aus und lade <strong>Fotos des Schadens<\/strong> hoch \u2013 entweder direkt mit deinem Smartphone aufgenommen oder aus deiner Mediathek. So k\u00f6nnen wir den Schaden besser einsch\u00e4tzen und dir eine genaue Empfehlung f\u00fcr die Reparatur geben.<\/p>\n\n<style id=\"wpforms-css-vars-7-block-8508b2bb-b021-493b-a5c5-03a63a27e2c9\">\n\t\t\t\t#wpforms-7.wpforms-block-8508b2bb-b021-493b-a5c5-03a63a27e2c9 {\n\t\t\t\t--wpforms-label-color: #262626;\n--wpforms-label-sublabel-color: #7f7f7f;\n--wpforms-label-error-color: #ff0000;\n--wpforms-page-break-color: #dddddd;\n--wpforms-field-border-radius: 0px;\n--wpforms-field-background-color: var(--ast-global-color-5);\n--wpforms-field-border-color: var(--ast-global-color-2);\n--wpforms-field-border-color-spare: var(--ast-global-color-2);\n--wpforms-field-text-color: #444444;\n--wpforms-button-border-style: solid;\n--wpforms-button-border-radius: 0px;\n--wpforms-button-background-color: var(--ast-global-color-3);\n--wpforms-button-text-color: var(--ast-global-color-5);\n--wpforms-button-border-color: var(--ast-global-color-3);\n--wpforms-background-color: rgba(0, 0, 0, 0);\n--wpforms-field-size-input-height: 43px;\n--wpforms-field-size-input-spacing: 15px;\n--wpforms-field-size-font-size: 16px;\n--wpforms-field-size-line-height: 19px;\n--wpforms-field-size-padding-h: 14px;\n--wpforms-field-size-checkbox-size: 16px;\n--wpforms-field-size-sublabel-spacing: 5px;\n--wpforms-field-size-icon-size: 1;\n--wpforms-label-size-font-size: 14px;\n--wpforms-label-size-line-height: 17px;\n--wpforms-label-size-sublabel-font-size: 13px;\n--wpforms-label-size-sublabel-line-height: 16px;\n--wpforms-button-size-font-size: 17px;\n--wpforms-button-size-height: 41px;\n--wpforms-button-size-padding-h: 15px;\n--wpforms-button-size-margin-top: 10px;\n--wpforms-container-shadow-size-box-shadow: none;\n\t\t\t}\n\t\t\t<\/style><div class=\"wpforms-container wpforms-container-full wpforms-container-save-resume wpforms-block wpforms-block-8508b2bb-b021-493b-a5c5-03a63a27e2c9 wpforms-render-modern\" id=\"wpforms-7\"><form id=\"wpforms-form-7\" class=\"wpforms-validate wpforms-form wpforms-ajax-form\" data-formid=\"7\" method=\"post\" enctype=\"multipart\/form-data\" action=\"\/index.php?rest_route=%2Fwp%2Fv2%2Fpages%2F2&#038;wpforms_form_id=7\" data-token=\"b490dca663ee318a3ea7d4cd9b9c403f\" data-token-time=\"1777989355\"><noscript class=\"wpforms-error-noscript\">Bitte aktiviere JavaScript in deinem Browser, um dieses Formular fertigzustellen.<\/noscript><div id=\"wpforms-error-noscript\" style=\"display: none;\">Bitte aktiviere JavaScript in deinem Browser, um dieses Formular fertigzustellen.<\/div><div class=\"wpforms-page-indicator progress\" data-indicator=\"progress\" data-indicator-color=\"#72b239\" data-scroll=\"1\" role=\"progressbar\" aria-valuenow=\"1\" aria-valuemin=\"1\" aria-valuemax=\"3\" tabindex=\"-1\"><span class=\"wpforms-page-indicator-page-title\" data-page-1-title=\"Kontakt\" data-page-2-title=\"Details\" data-page-3-title=\"Foto\">Kontakt<\/span><span class=\"wpforms-page-indicator-page-title-sep\" > &#8211; <\/span><span class=\"wpforms-page-indicator-steps\">Step <span class=\"wpforms-page-indicator-steps-current\">1<\/span> of 3<\/span><div class=\"wpforms-page-indicator-page-progress-wrap\"><div class=\"wpforms-page-indicator-page-progress\" style=\"width:33.333333333333%;background-color:#72b239\"><\/div><\/div><\/div><div class=\"wpforms-field-container\"><div class=\"wpforms-page wpforms-page-1 \" data-page=\"1\"><div id=\"wpforms-7-field_12-container\" class=\"wpforms-field wpforms-field-pagebreak\" data-field-id=\"12\"><\/div><div id=\"wpforms-7-field_5-container\" class=\"wpforms-field wpforms-field-checkbox wpforms-list-inline\" data-field-id=\"5\"><fieldset><legend class=\"wpforms-field-label\">Anrede<\/legend><ul id=\"wpforms-7-field_5\" data-choice-limit=\"1\"><li class=\"choice-1 depth-1\"><input type=\"checkbox\" id=\"wpforms-7-field_5_1\" data-rule-check-limit=\"true\" name=\"wpforms[fields][5][]\" value=\"Frau\" aria-errormessage=\"wpforms-7-field_5_1-error\"  ><label class=\"wpforms-field-label-inline\" for=\"wpforms-7-field_5_1\">Frau<\/label><\/li><li class=\"choice-2 depth-1\"><input type=\"checkbox\" id=\"wpforms-7-field_5_2\" data-rule-check-limit=\"true\" name=\"wpforms[fields][5][]\" value=\"Herr\" aria-errormessage=\"wpforms-7-field_5_2-error\"  ><label class=\"wpforms-field-label-inline\" for=\"wpforms-7-field_5_2\">Herr<\/label><\/li><li class=\"choice-3 depth-1\"><input type=\"checkbox\" id=\"wpforms-7-field_5_3\" data-rule-check-limit=\"true\" name=\"wpforms[fields][5][]\" value=\"Divers\" aria-errormessage=\"wpforms-7-field_5_3-error\"  ><label class=\"wpforms-field-label-inline\" for=\"wpforms-7-field_5_3\">Divers<\/label><\/li><\/ul><\/fieldset><\/div><div id=\"wpforms-7-field_4-container\" class=\"wpforms-field wpforms-field-text\" data-field-id=\"4\"><label class=\"wpforms-field-label\" for=\"wpforms-7-field_4\">Vorname <span class=\"wpforms-required-label\" aria-hidden=\"true\">*<\/span><\/label><input type=\"text\" id=\"wpforms-7-field_4\" class=\"wpforms-field-medium wpforms-field-required\" name=\"wpforms[fields][4]\" aria-errormessage=\"wpforms-7-field_4-error\" required><\/div><div id=\"wpforms-7-field_6-container\" class=\"wpforms-field wpforms-field-text\" data-field-id=\"6\"><label class=\"wpforms-field-label\" for=\"wpforms-7-field_6\">Nachname <span class=\"wpforms-required-label\" aria-hidden=\"true\">*<\/span><\/label><input type=\"text\" id=\"wpforms-7-field_6\" class=\"wpforms-field-medium wpforms-field-required\" name=\"wpforms[fields][6]\" aria-errormessage=\"wpforms-7-field_6-error\" required><\/div><div id=\"wpforms-7-field_9-container\" class=\"wpforms-field wpforms-field-phone\" data-field-id=\"9\"><label class=\"wpforms-field-label\" for=\"wpforms-7-field_9\">Telefonnummer <span class=\"wpforms-required-label\" aria-hidden=\"true\">*<\/span><\/label><input type=\"tel\" id=\"wpforms-7-field_9\" class=\"wpforms-field-medium wpforms-field-required wpforms-smart-phone-field\" data-rule-smart-phone-field=\"true\" name=\"wpforms[fields][9]\" aria-label=\"Telefonnummer\" aria-errormessage=\"wpforms-7-field_9-error\" required><\/div><div id=\"wpforms-7-field_16-container\" class=\"wpforms-field wpforms-field-email\" data-field-id=\"16\"><label class=\"wpforms-field-label\" for=\"wpforms-7-field_16\">E-Mail-Adresse <span class=\"wpforms-required-label\" aria-hidden=\"true\">*<\/span><\/label><input type=\"email\" id=\"wpforms-7-field_16\" class=\"wpforms-field-medium wpforms-field-required\" name=\"wpforms[fields][16]\" spellcheck=\"false\" aria-errormessage=\"wpforms-7-field_16-error\" required><\/div>\t\t<div id=\"wpforms-7-field_1-container\"\n\t\t\tclass=\"wpforms-field wpforms-field-text\"\n\t\t\tdata-field-type=\"text\"\n\t\t\tdata-field-id=\"1\"\n\t\t\t>\n\t\t\t<label class=\"wpforms-field-label\" for=\"wpforms-7-field_1\" >Telefonnummer Bilder \u2013<\/label>\n\t\t\t<input type=\"text\" id=\"wpforms-7-field_1\" class=\"wpforms-field-medium\" name=\"wpforms[fields][1]\" >\n\t\t<\/div>\n\t\t<div id=\"wpforms-7-field_11-container\" class=\"wpforms-field wpforms-field-pagebreak\" data-field-id=\"11\"><div class=\"wpforms-clear wpforms-pagebreak-left\"><button class=\"wpforms-page-button wpforms-page-next wpforms-disabled\"\n\t\t\t\t\tdata-action=\"next\" data-page=\"1\" data-formid=\"7\" aria-disabled=\"true\" aria-describedby=\"wpforms-error-noscript\">Weiter<\/button><\/div><\/div><\/div><div class=\"wpforms-page wpforms-page-2  \" data-page=\"2\" style=\"display:none;\"><div id=\"wpforms-7-field_14-container\" class=\"wpforms-field wpforms-field-entry-preview\" data-field-id=\"14\"><div class=\"wpforms-entry-preview-updating-message\">Vorschau aktualisieren&#8230;<\/div><div class=\"wpforms-entry-preview-wrapper\" style=\"display: none;\"><\/div><\/div><div id=\"wpforms-7-field_44-container\" class=\"wpforms-field wpforms-field-select wpforms-conditional-trigger wpforms-field-select-style-modern\" data-field-id=\"44\"><label class=\"wpforms-field-label\" for=\"wpforms-7-field_44\">Auswahl <span class=\"wpforms-required-label\" aria-hidden=\"true\">*<\/span><\/label><select id=\"wpforms-7-field_44\" class=\"wpforms-field-medium wpforms-field-required choicesjs-select\" data-size-class=\"wpforms-field-row wpforms-field-medium\" data-search-enabled=\"\" name=\"wpforms[fields][44]\" required=\"required\"><option value=\"\" class=\"placeholder\" disabled  selected='selected'>&#8212; Bitte w\u00e4hlen &#8212;<\/option><option value=\"Wohnwagen\"  class=\"choice-2 depth-1\"  >Wohnwagen<\/option><option value=\"Wohnmobil\"  class=\"choice-1 depth-1\"  >Wohnmobil<\/option><option value=\"Kastenwagen\"  class=\"choice-3 depth-1\"  >Kastenwagen<\/option><option value=\"Van\"  class=\"choice-5 depth-1\"  >Van<\/option><option value=\"Vorzelt\"  class=\"choice-6 depth-1\"  >Vorzelt<\/option><option value=\"Zubeh\u00f6r\"  class=\"choice-7 depth-1\"  >Zubeh\u00f6r<\/option><option value=\"Sonstige\"  class=\"choice-4 depth-1\"  >Sonstige<\/option><\/select><\/div><div id=\"wpforms-7-field_17-container\" class=\"wpforms-field wpforms-field-text wpforms-conditional-field wpforms-conditional-show\" data-field-id=\"17\" style=\"display:none;\"><label class=\"wpforms-field-label\" for=\"wpforms-7-field_17\">Hersteller \/ Marke<\/label><input type=\"text\" id=\"wpforms-7-field_17\" class=\"wpforms-field-medium\" name=\"wpforms[fields][17]\" aria-errormessage=\"wpforms-7-field_17-error\" ><\/div><div id=\"wpforms-7-field_18-container\" class=\"wpforms-field wpforms-field-text wpforms-conditional-field wpforms-conditional-show\" data-field-id=\"18\" style=\"display:none;\"><label class=\"wpforms-field-label\" for=\"wpforms-7-field_18\">Modell<\/label><input type=\"text\" id=\"wpforms-7-field_18\" class=\"wpforms-field-medium\" name=\"wpforms[fields][18]\" aria-errormessage=\"wpforms-7-field_18-error\" ><\/div><div id=\"wpforms-7-field_19-container\" class=\"wpforms-field wpforms-field-text wpforms-conditional-field wpforms-conditional-show\" data-field-id=\"19\" style=\"display:none;\"><label class=\"wpforms-field-label\" for=\"wpforms-7-field_19\">Baujahr<\/label><input type=\"text\" id=\"wpforms-7-field_19\" class=\"wpforms-field-medium\" name=\"wpforms[fields][19]\" aria-errormessage=\"wpforms-7-field_19-error\" ><\/div><div id=\"wpforms-7-field_45-container\" class=\"wpforms-field wpforms-field-text wpforms-conditional-field wpforms-conditional-show\" data-field-id=\"45\" style=\"display:none;\"><label class=\"wpforms-field-label\" for=\"wpforms-7-field_45\">Kennzeichen<\/label><input type=\"text\" id=\"wpforms-7-field_45\" class=\"wpforms-field-medium\" name=\"wpforms[fields][45]\" aria-errormessage=\"wpforms-7-field_45-error\" ><\/div><div id=\"wpforms-7-field_42-container\" class=\"wpforms-field wpforms-field-checkbox wpforms-conditional-field wpforms-conditional-show\" data-field-id=\"42\" style=\"display:none;\"><fieldset><legend class=\"wpforms-field-label\">Haftungsregelung<\/legend><ul id=\"wpforms-7-field_42\" data-choice-limit=\"1\"><li class=\"choice-1 depth-1\"><input type=\"checkbox\" id=\"wpforms-7-field_42_1\" data-rule-check-limit=\"true\" name=\"wpforms[fields][42][]\" value=\"Vollkasko (Eigenschaden)\" aria-errormessage=\"wpforms-7-field_42_1-error\"  ><label class=\"wpforms-field-label-inline\" for=\"wpforms-7-field_42_1\">Vollkasko (Eigenschaden)<\/label><\/li><li class=\"choice-2 depth-1\"><input type=\"checkbox\" id=\"wpforms-7-field_42_2\" data-rule-check-limit=\"true\" name=\"wpforms[fields][42][]\" value=\"Haftpflicht (Fremdschaden)\" aria-errormessage=\"wpforms-7-field_42_2-error\"  ><label class=\"wpforms-field-label-inline\" for=\"wpforms-7-field_42_2\">Haftpflicht (Fremdschaden)<\/label><\/li><li class=\"choice-3 depth-1\"><input type=\"checkbox\" id=\"wpforms-7-field_42_3\" data-rule-check-limit=\"true\" name=\"wpforms[fields][42][]\" value=\"Selbstzahler\" aria-errormessage=\"wpforms-7-field_42_3-error\"  ><label class=\"wpforms-field-label-inline\" for=\"wpforms-7-field_42_3\">Selbstzahler<\/label><\/li><\/ul><\/fieldset><\/div><div id=\"wpforms-7-field_20-container\" class=\"wpforms-field wpforms-field-pagebreak\" data-field-id=\"20\"><div class=\"wpforms-clear wpforms-pagebreak-left\"><button class=\"wpforms-page-button wpforms-page-prev wpforms-disabled\"\n\t\t\t\t\tdata-action=\"prev\" data-page=\"2\" data-formid=\"7\" aria-disabled=\"true\" aria-describedby=\"wpforms-error-noscript\">Zur\u00fcck<\/button><button class=\"wpforms-page-button wpforms-page-next wpforms-disabled\"\n\t\t\t\t\tdata-action=\"next\" data-page=\"2\" data-formid=\"7\" aria-disabled=\"true\" aria-describedby=\"wpforms-error-noscript\">Weiter<\/button><\/div><\/div><\/div><div class=\"wpforms-page wpforms-page-3 last \" data-page=\"3\" style=\"display:none;\"><div id=\"wpforms-7-field_21-container\" class=\"wpforms-field wpforms-field-entry-preview\" data-field-id=\"21\"><div class=\"wpforms-entry-preview-updating-message\">Vorschau aktualisieren&#8230;<\/div><div class=\"wpforms-entry-preview-wrapper\" style=\"display: none;\"><\/div><\/div><div id=\"wpforms-7-field_22-container\" class=\"wpforms-field wpforms-field-html wpforms-conditional-field wpforms-conditional-show\" data-field-id=\"22\" style=\"display:none;\"><div id=\"wpforms-7-field_22\" aria-errormessage=\"wpforms-7-field_22-error\"><p> <b>Fahrzeug-Identifizierung<\/b><br \/> Damit wir dein Fahrzeug eindeutig zuordnen und die passenden Ersatzteile, Farben und Details ermitteln k\u00f6nnen, ben\u00f6tigen wir die <b>Fahrzeug-Identifikationsnummer (FIN\/VIN)<\/b> \u2013 bei Wohnwagen oft auch <b>Seriennummer<\/b> genannt.<br \/> <br \/>\r\n\r\n<ul>\r\n<li>Bei Wohnmobilen, Kastenwagen und Vans findest du die FIN\/VIN z. B. in der Zulassungsbescheinigung Teil 1 (Fahrzeugschein) unter Punkt E oder direkt am Fahrzeug (h\u00e4ufig unterhalb der Windschutzscheibe oder an weiteren Stellen). <\/li> \r\n\r\n<li>Bei Wohnwagen ist die Seriennummer in der Regel am Rahmen oder Typenschild angebracht und ebenfalls in den Fahrzeugpapieren vermerkt. <\/li> \r\n<\/ul>\r\n\r\nBitte lade ein Foto vom Fahrzeugschein oder vom Typenschild\/der FIN hoch. Alternativ kannst du die Nummer auch in das entsprechende Formularfeld eintragen. <\/p>\r\n\r\n<\/div><\/div><div id=\"wpforms-7-field_37-container\" class=\"wpforms-field wpforms-field-content wpforms-conditional-field wpforms-conditional-show\" data-field-id=\"37\" style=\"display:none;\"><div id=\"wpforms-7-field_37\" class=\"wpforms-field-medium wpforms-field-row\" aria-errormessage=\"wpforms-7-field_37-error\"><p><img loading=\"lazy\" decoding=\"async\" class=\"alignnone size-medium wp-image-61\" src=\"https:\/\/kva.camperhuus.de\/wp-content\/uploads\/2024\/10\/Zulassungsschein-3-300x154.webp\" alt=\"\" width=\"900\" height=\"462\" srcset=\"https:\/\/kva.camperhuus.de\/wp-content\/uploads\/2024\/10\/Zulassungsschein-3-300x154.webp 300w, https:\/\/kva.camperhuus.de\/wp-content\/uploads\/2024\/10\/Zulassungsschein-3-1024x525.webp 1024w, https:\/\/kva.camperhuus.de\/wp-content\/uploads\/2024\/10\/Zulassungsschein-3-768x394.webp 768w, https:\/\/kva.camperhuus.de\/wp-content\/uploads\/2024\/10\/Zulassungsschein-3-1536x788.webp 1536w, https:\/\/kva.camperhuus.de\/wp-content\/uploads\/2024\/10\/Zulassungsschein-3-2048x1050.webp 2048w\" sizes=\"auto, (max-width: 900px) 100vw, 900px\" \/><\/p>\n<div class=\"wpforms-field-content-display-frontend-clear\"><\/div><\/div><\/div><div id=\"wpforms-7-field_23-container\" class=\"wpforms-field wpforms-field-text wpforms-conditional-field wpforms-conditional-show\" data-field-id=\"23\" style=\"display:none;\"><label class=\"wpforms-field-label\" for=\"wpforms-7-field_23\">VIN (Fahrzeug-Identifikationsnummer) \u2013 optional<\/label><input type=\"text\" id=\"wpforms-7-field_23\" class=\"wpforms-field-medium\" name=\"wpforms[fields][23]\" aria-errormessage=\"wpforms-7-field_23-error\" ><\/div><div id=\"wpforms-7-field_29-container\" class=\"wpforms-field wpforms-field-file-upload\" data-field-id=\"29\"><label class=\"wpforms-field-label\" for=\"wpforms-7-field_29\">Bilder<\/label><div\n\t\tclass=\"wpforms-uploader \"\n\t\tdata-field-id=\"29\"\n\t\tdata-form-id=\"7\"\n\t\tdata-input-name=\"wpforms_7_29\"\n\t\tdata-extensions=\"jpg,jpeg,jpe,gif,png,bmp,tiff,tif,webp,avif,ico,heic,heif,heics,heifs,asf,asx,wmv,wmx,wm,avi,divx,mov,qt,mpeg,mpg,mpe,mp4,m4v,ogv,webm,mkv,3gp,3gpp,3g2,3gp2,txt,asc,c,cc,h,srt,csv,tsv,ics,rtx,css,vtt,mp3,m4a,m4b,aac,ra,ram,wav,x-wav,ogg,oga,flac,mid,midi,wma,wax,mka,rtf,pdf,class,tar,zip,gz,gzip,rar,7z,psd,xcf,doc,pot,pps,ppt,wri,xla,xls,xlt,xlw,mpp,docx,docm,dotx,dotm,xlsx,xlsm,xlsb,xltx,xltm,xlam,pptx,pptm,ppsx,ppsm,potx,potm,ppam,sldx,sldm,onetoc,onetoc2,onepkg,oxps,xps,odt,odp,ods,odg,odc,odb,odf,wp,wpd,key,numbers,pages\"\n\t\tdata-max-size=\"33554432\"\n\t\tdata-max-file-number=\"10\"\n\t\tdata-post-max-size=\"2097152\"\n\t\tdata-max-parallel-uploads=\"4\"\n\t\tdata-parallel-uploads=\"true\"\n\t\tdata-file-chunk-size=\"2097152\">\n\t<div class=\"dz-message\">\n\t\t<svg  viewBox=\"0 0 640 640\" focusable=\"false\" data-icon=\"inbox\" width=\"50px\" height=\"50px\" fill=\"currentColor\" aria-hidden=\"true\">\n\t\t\t<path d=\"M352 173.3L352 384C352 401.7 337.7 416 320 416C302.3 416 288 401.7 288 384L288 173.3L246.6 214.7C234.1 227.2 213.8 227.2 201.3 214.7C188.8 202.2 188.8 181.9 201.3 169.4L297.3 73.4C309.8 60.9 330.1 60.9 342.6 73.4L438.6 169.4C451.1 181.9 451.1 202.2 438.6 214.7C426.1 227.2 405.8 227.2 393.3 214.7L352 173.3zM320 464C364.2 464 400 428.2 400 384L480 384C515.3 384 544 412.7 544 448L544 480C544 515.3 515.3 544 480 544L160 544C124.7 544 96 515.3 96 480L96 448C96 412.7 124.7 384 160 384L240 384C240 428.2 275.8 464 320 464zM464 488C477.3 488 488 477.3 488 464C488 450.7 477.3 440 464 440C450.7 440 440 450.7 440 464C440 477.3 450.7 488 464 488z\"\/>\n\t\t<\/svg>\n\n\t\t<span class=\"modern-title\">\n\t\t\t\t\t\t\tDrag &amp; Drop Files, \t\t\t\t<span>Choose Files to Upload<\/span>\n\t\t\t\t\t<\/span>\n\n\t\t\t\t\t<span class=\"modern-hint\">Du kannst bis zu 10 Dateien hochladen.<\/span>\n\t\t\t<\/div>\n<\/div>\n\n<input\n\t\ttype=\"text\"\n\t\tautocomplete=\"off\"\n\t\treadonly\n\t\tclass=\"dropzone-input\"\n\t\tstyle=\"position:absolute!important;clip:rect(0,0,0,0)!important;height:1px!important;width:1px!important;border:0!important;overflow:hidden!important;padding:0!important;margin:0!important;\"\n\t\tid=\"wpforms-7-field_29\"\n\t\tname=\"wpforms_7_29\" \t\tvalue=\"\">\n<\/div><div id=\"wpforms-7-field_25-container\" class=\"wpforms-field wpforms-field-textarea\" data-field-id=\"25\"><label class=\"wpforms-field-label\" for=\"wpforms-7-field_25\">Bemerkungen<\/label><textarea id=\"wpforms-7-field_25\" class=\"wpforms-field-medium\" name=\"wpforms[fields][25]\" placeholder=\"Bitte beschreibe hier das Problem oder den entstandenen Schaden so genau wie m\u00f6glich\" aria-errormessage=\"wpforms-7-field_25-error\" ><\/textarea><\/div><div id=\"wpforms-7-field_26-container\" class=\"wpforms-field wpforms-field-html\" data-field-id=\"26\"><div id=\"wpforms-7-field_26\" aria-errormessage=\"wpforms-7-field_26-error\"><p><b>Datenschutz<\/b><br \/>\r\nDeine Angaben werden selbstverst\u00e4ndlich vertraulich behandelt und ausschlie\u00dflich f\u00fcr die Erstellung deines Kostenvoranschlags genutzt. Eine Weitergabe an Dritte erfolgt nicht. Alle Daten unterliegen den geltenden <u><a href=\"https:\/\/camperhuus.de\/privacy-policy\/\" target=\"_blank\">Datenschutzbestimmungen<\/a><\/u>.\r\n<br \/>\r\nBitte beachte: Damit du das Formular absenden kannst, musst du das K\u00e4stchen zur Kenntnisnahme unserer Datenschutzbestimmungen aktivieren und der Verarbeitung deiner Daten zustimmen.<\/p>\r\n<\/div><\/div><div id=\"wpforms-7-field_27-container\" class=\"wpforms-field wpforms-field-checkbox\" data-field-id=\"27\"><fieldset><legend class=\"wpforms-field-label\">Ich stimme den Datenschutzbestimmungen zu. <span class=\"wpforms-required-label\" aria-hidden=\"true\">*<\/span><\/legend><ul id=\"wpforms-7-field_27\" class=\"wpforms-field-required\"><li class=\"choice-1 depth-1\"><input type=\"checkbox\" id=\"wpforms-7-field_27_1\" name=\"wpforms[fields][27][]\" value=\"Ja\" aria-errormessage=\"wpforms-7-field_27_1-error\" required ><label class=\"wpforms-field-label-inline\" for=\"wpforms-7-field_27_1\">Ja<\/label><\/li><\/ul><\/fieldset><\/div><div id=\"wpforms-7-field_13-container\" class=\"wpforms-field wpforms-field-pagebreak\" data-field-id=\"13\"><div class=\"wpforms-clear wpforms-pagebreak-left\"><button class=\"wpforms-page-button wpforms-page-prev wpforms-disabled\"\n\t\t\t\t\tdata-action=\"prev\" data-page=\"3\" data-formid=\"7\" aria-disabled=\"true\" aria-describedby=\"wpforms-error-noscript\">Zur\u00fcck<\/button><\/div><\/div><\/div><script>\n\t\t\t\t( function() {\n\t\t\t\t\tconst style = document.createElement( 'style' );\n\t\t\t\t\tstyle.appendChild( document.createTextNode( '#wpforms-7-field_1-container { position: absolute !important; overflow: hidden !important; display: inline !important; height: 1px !important; width: 1px !important; z-index: -1000 !important; padding: 0 !important; } #wpforms-7-field_1-container input { visibility: hidden; } #wpforms-conversational-form-page #wpforms-7-field_1-container label { counter-increment: none; }' ) );\n\t\t\t\t\tdocument.head.appendChild( style );\n\t\t\t\t\tdocument.currentScript?.remove();\n\t\t\t\t} )();\n\t\t\t<\/script><\/div><!-- .wpforms-field-container --><div class=\"wpforms-submit-container\" style=\"display:none;\"><input type=\"hidden\" name=\"wpforms[id]\" value=\"7\"><input type=\"hidden\" name=\"page_title\" value=\"\"><input type=\"hidden\" name=\"page_url\" value=\"https:\/\/kva.camperhuus.de\/index.php?rest_route=\/wp\/v2\/pages\/2\"><input type=\"hidden\" name=\"url_referer\" value=\"\"><button type=\"submit\" name=\"wpforms[submit]\" id=\"wpforms-submit-7\" class=\"wpforms-submit\" data-alt-text=\"Wird gesendet\u00a0\u2026\" data-submit-text=\"Absenden\" aria-live=\"assertive\" value=\"wpforms-submit\">Absenden<\/button><img loading=\"lazy\" decoding=\"async\" src=\"https:\/\/kva.camperhuus.de\/wp-content\/plugins\/wpforms\/assets\/images\/submit-spin.svg\" class=\"wpforms-submit-spinner\" style=\"display: none;\" width=\"26\" height=\"26\" alt=\"Wird geladen\"><\/div><\/form><\/div>  <!-- .wpforms-container -->","protected":false},"excerpt":{"rendered":"<p>Kostenvoranschlag Damit wir dir ein passendes Angebot f\u00fcr die Reparatur erstellen k\u00f6nnen, ben\u00f6tigen wir ein paar Informationen von dir. Bitte [&hellip;]<\/p>\n","protected":false},"author":1,"featured_media":0,"parent":0,"menu_order":0,"comment_status":"closed","ping_status":"open","template":"","meta":{"inline_featured_image":false,"site-sidebar-layout":"default","site-content-layout":"","ast-site-content-layout":"normal-width-container","site-content-style":"boxed","site-sidebar-style":"boxed","ast-global-header-display":"","ast-banner-title-visibility":"","ast-main-header-display":"","ast-hfb-above-header-display":"","ast-hfb-below-header-display":"","ast-hfb-mobile-header-display":"","site-post-title":"disabled","ast-breadcrumbs-content":"","ast-featured-img":"","footer-sml-layout":"","theme-transparent-header-meta":"default","adv-header-id-meta":"","stick-header-meta":"","header-above-stick-meta":"","header-main-stick-meta":"","header-below-stick-meta":"","astra-migrate-meta-layouts":"set","ast-page-background-enabled":"default","ast-page-background-meta":{"desktop":{"background-color":"var(--ast-global-color-4)","background-image":"","background-repeat":"repeat","background-position":"center center","background-size":"auto","background-attachment":"scroll","background-type":"","background-media":"","overlay-type":"","overlay-color":"","overlay-opacity":"","overlay-gradient":""},"tablet":{"background-color":"","background-image":"","background-repeat":"repeat","background-position":"center center","background-size":"auto","background-attachment":"scroll","background-type":"","background-media":"","overlay-type":"","overlay-color":"","overlay-opacity":"","overlay-gradient":""},"mobile":{"background-color":"","background-image":"","background-repeat":"repeat","background-position":"center center","background-size":"auto","background-attachment":"scroll","background-type":"","background-media":"","overlay-type":"","overlay-color":"","overlay-opacity":"","overlay-gradient":""}},"ast-content-background-meta":{"desktop":{"background-color":"var(--ast-global-color-5)","background-image":"","background-repeat":"repeat","background-position":"center center","background-size":"auto","background-attachment":"scroll","background-type":"","background-media":"","overlay-type":"","overlay-color":"","overlay-opacity":"","overlay-gradient":""},"tablet":{"background-color":"var(--ast-global-color-5)","background-image":"","background-repeat":"repeat","background-position":"center center","background-size":"auto","background-attachment":"scroll","background-type":"","background-media":"","overlay-type":"","overlay-color":"","overlay-opacity":"","overlay-gradient":""},"mobile":{"background-color":"var(--ast-global-color-5)","background-image":"","background-repeat":"repeat","background-position":"center center","background-size":"auto","background-attachment":"scroll","background-type":"","background-media":"","overlay-type":"","overlay-color":"","overlay-opacity":"","overlay-gradient":""}},"footnotes":""},"class_list":["post-2","page","type-page","status-publish","hentry"],"_links":{"self":[{"href":"https:\/\/kva.camperhuus.de\/index.php?rest_route=\/wp\/v2\/pages\/2","targetHints":{"allow":["GET"]}}],"collection":[{"href":"https:\/\/kva.camperhuus.de\/index.php?rest_route=\/wp\/v2\/pages"}],"about":[{"href":"https:\/\/kva.camperhuus.de\/index.php?rest_route=\/wp\/v2\/types\/page"}],"author":[{"embeddable":true,"href":"https:\/\/kva.camperhuus.de\/index.php?rest_route=\/wp\/v2\/users\/1"}],"replies":[{"embeddable":true,"href":"https:\/\/kva.camperhuus.de\/index.php?rest_route=%2Fwp%2Fv2%2Fcomments&post=2"}],"version-history":[{"count":10,"href":"https:\/\/kva.camperhuus.de\/index.php?rest_route=\/wp\/v2\/pages\/2\/revisions"}],"predecessor-version":[{"id":134,"href":"https:\/\/kva.camperhuus.de\/index.php?rest_route=\/wp\/v2\/pages\/2\/revisions\/134"}],"wp:attachment":[{"href":"https:\/\/kva.camperhuus.de\/index.php?rest_route=%2Fwp%2Fv2%2Fmedia&parent=2"}],"curies":[{"name":"wp","href":"https:\/\/api.w.org\/{rel}","templated":true}]}}